{"id":2997,"date":"2021-03-05T07:01:01","date_gmt":"2021-03-05T06:01:01","guid":{"rendered":"https:\/\/www.hoganas-france.com\/?page_id=2997"},"modified":"2021-04-14T10:18:56","modified_gmt":"2021-04-14T08:18:56","slug":"technical-assistance","status":"publish","type":"page","link":"https:\/\/www.hoganas-france.com\/en\/technical-assistance\/","title":{"rendered":"Technical assistance"},"content":{"rendered":"<section class=\"l-section wpb_row us_custom_f3f68ac4 height_auto\"><div class=\"l-section-h i-cf\"><div class=\"g-cols vc_row via_flex valign_middle type_default stacking_default\" style=\"--additional-gap:10px;\"><div class=\"vc_col-sm-4 wpb_column vc_column_container has_bg_color\"><div class=\"vc_column-inner us_custom_fb49822a\"><div class=\"wpb_wrapper\">[vc_empty_space el_class=&#8221;espace-header-mobile&#8221;][vc_custom_heading text=&#8221;Technical assistance&#8221; font_container=&#8221;tag:h1|text_align:center&#8221; use_theme_fonts=&#8221;yes&#8221; css=&#8221;%7B%22default%22%3A%7B%22text-transform%22%3A%22uppercase%22%7D%7D&#8221;][vc_empty_space el_class=&#8221;espace-header-mobile&#8221;]<\/div><\/div><\/div><div class=\"vc_col-sm-4 vc_hidden-xs wpb_column vc_column_container has_bg_color\"><div class=\"vc_column-inner us_custom_358af43a\"><div class=\"wpb_wrapper\"><\/div><\/div><\/div><div class=\"vc_col-sm-4 vc_hidden-xs wpb_column vc_column_container has_bg_color\"><div class=\"vc_column-inner us_custom_a6c1890f\"><div class=\"wpb_wrapper\"><\/div><\/div><\/div><\/div><\/div><\/section><section class=\"l-section wpb_row us_custom_cfd0d040 height_auto\"><div class=\"l-section-h i-cf\"><div class=\"g-cols vc_row via_flex valign_middle type_default stacking_default\"><div class=\"vc_col-sm-12 wpb_column vc_column_container\"><div class=\"vc_column-inner\"><div class=\"wpb_wrapper\">[vc_custom_heading text=&#8221;H\u00d6GAN\u00c4S IN FRANCE&#8221; use_theme_fonts=&#8221;yes&#8221; css=&#8221;%7B%22default%22%3A%7B%22text-transform%22%3A%22uppercase%22%2C%22background-image%22%3A%22494%7Cfull%22%2C%22background-position%22%3A%22left%20center%22%2C%22background-size%22%3A%2240px%22%2C%22background-repeat%22%3A%22no-repeat%22%2C%22padding-left%22%3A%2260px%22%7D%7D&#8221;]<div class=\"g-cols wpb_row via_flex valign_middle type_default stacking_default\"><div class=\"vc_col-sm-3 wpb_column vc_column_container\"><div class=\"vc_column-inner\"><div class=\"wpb_wrapper\">[vc_single_image image=&#8221;1853&#8243; img_size=&#8221;medium&#8221; alignment=&#8221;center&#8221;]<\/div><\/div><\/div><div class=\"vc_col-sm-9 wpb_column vc_column_container\"><div class=\"vc_column-inner\"><div class=\"wpb_wrapper\"><div class=\"wpb_text_column\"><div class=\"wpb_wrapper\"><p style=\"text-align: justify;\"><strong>H\u00f6gan\u00e4s C\u00e9ramiques France<\/strong> has always attached great importance to the quantity of installation of our products, a guarantee of longevity over time.<\/p>\n<p style=\"text-align: justify;\">This is why we work in partnership with several applicators in France, specifically trained for the installation of our products.\u202fOur sales team also has extensive technical knowledge to bring you our expertise at all levels of your project.\u202fWe also provide you with a set of technical documentations dedicated to our installation systems, to allow the realization of high quality supports.<\/p>\n<\/div><\/div><\/div><\/div><\/div><\/div><\/div><\/div><\/div><\/div><\/div><\/section><section class=\"l-section wpb_row us_custom_6a4d3d6c height_auto\"><div class=\"l-section-h i-cf\"><div class=\"g-cols vc_row via_flex valign_top type_default stacking_default\" style=\"--additional-gap:10px;\"><div class=\"vc_col-sm-4 vc_hidden-xs wpb_column vc_column_container has_bg_color\"><div class=\"vc_column-inner us_custom_fb49822a\"><div class=\"wpb_wrapper\"><\/div><\/div><\/div><div class=\"vc_col-sm-4 vc_hidden-xs wpb_column vc_column_container has_bg_color\"><div class=\"vc_column-inner us_custom_358af43a\"><div class=\"wpb_wrapper\"><\/div><\/div><\/div><div class=\"vc_col-sm-4 wpb_column vc_column_container has_bg_color\"><div class=\"vc_column-inner us_custom_4d68ede9\"><div class=\"wpb_wrapper\"><\/div><\/div><\/div><\/div><\/div><\/section><section class=\"l-section wpb_row us_custom_cfd0d040 height_auto\"><div class=\"l-section-h i-cf\"><div class=\"g-cols vc_row via_flex valign_middle type_default stacking_default\"><div class=\"vc_col-sm-12 wpb_column vc_column_container\"><div class=\"vc_column-inner\"><div class=\"wpb_wrapper\">[vc_custom_heading text=&#8221;H\u00d6GAN\u00c4S IN THE REST OF THE WORLD&#8221; use_theme_fonts=&#8221;yes&#8221; css=&#8221;%7B%22default%22%3A%7B%22text-transform%22%3A%22uppercase%22%2C%22background-image%22%3A%22494%7Cfull%22%2C%22background-position%22%3A%22left%20center%22%2C%22background-size%22%3A%2240px%22%2C%22background-repeat%22%3A%22no-repeat%22%2C%22padding-left%22%3A%2260px%22%7D%7D&#8221;]<div class=\"g-cols wpb_row via_flex valign_middle type_default stacking_default\"><div class=\"vc_col-sm-3 wpb_column vc_column_container\"><div class=\"vc_column-inner\"><div class=\"wpb_wrapper\">[vc_single_image image=&#8221;1854&#8243; img_size=&#8221;medium&#8221; alignment=&#8221;center&#8221;]<\/div><\/div><\/div><div class=\"vc_col-sm-9 wpb_column vc_column_container\"><div class=\"vc_column-inner\"><div class=\"wpb_wrapper\"><div class=\"wpb_text_column\"><div class=\"wpb_wrapper\"><p>In case of a more distant destination, H\u00f6gan\u00e4s C\u00e9ramiques France will provide you support on site.\u202fAn expert will assist you on site at the start of the laying process.\u202fThe intervention consists of the training of local teams in English on the following points:<\/p>\n<ul>\n<li>The laying method<\/li>\n<li>The condition necessary for a good quality of laying :\u00a0 characteristic of the concrete and climatic conditions of the room (humidity, temperature)<\/li>\n<li>The organization of the work<\/li>\n<li>The selection of the most suitable local tools<\/li>\n<li>The safety rules for the teams<\/li>\n<li>The application and the use of ours Product : adhesives and grout mortar made with reactives resins (epoxy, polyurethan, \u2026.)<\/li>\n<\/ul>\n<\/div><\/div><\/div><\/div><\/div><\/div>[vc_empty_space]<div class=\"wpb_text_column\"><div class=\"wpb_wrapper\"><p>For example, we have intervened in: United States, China, Poland, Indonesia, Polynesia, Tunisia, Uruguay, Vietnam, Ivory Coast, Benin, Nigeria&#8230;<\/p>\n<\/div><\/div>[vc_empty_space height=&#8221;20px&#8221;]<div class=\"w-grid us_carousel type_carousel layout_gallery_default preload_style_spinner open_items_in_popup items_4\" id=\"us_grid_1\" style=\"--items:4;--gap:10px;\"><style>.layout_gallery_default .w-grid-item-h{}<\/style><div class=\"w-grid-list owl-carousel valign_stretch dotstyle_circle navstyle_3 arrows-ver-pos_middle arrows-hor-pos_on_sides_outside arrows-disabled_hide owl-responsive-2000 with_arrows\" style=\"--transition-duration:350ms;--arrows-size:1.5rem;--arrows-hor-offset:calc(0px + 10px);--arrows-gap:10px;\">\t<article class=\"w-grid-item post-2764 attachment type-attachment status-inherit hentry\" data-id=\"2764\">\r\n\t\t<div class=\"w-grid-item-h\">\r\n\t\t\t\t\t\t<div class=\"w-post-elm post_image usg_post_image_1 stretched\"><img loading=\"lazy\" decoding=\"async\" width=\"1000\" height=\"750\" src=\"https:\/\/www.hoganas-france.com\/wp-content\/uploads\/2021\/03\/Hoganas-assistance-technique-1.jpg\" class=\"attachment-large size-large\" alt=\"\" srcset=\"https:\/\/www.hoganas-france.com\/wp-content\/uploads\/2021\/03\/Hoganas-assistance-technique-1.jpg 1000w, https:\/\/www.hoganas-france.com\/wp-content\/uploads\/2021\/03\/Hoganas-assistance-technique-1-300x225.jpg 300w\" sizes=\"auto, (max-width: 1000px) 100vw, 1000px\" \/><\/div>\t\t<\/div>\r\n\t\t\t<\/article>\r\n\t<article class=\"w-grid-item post-2765 attachment type-attachment status-inherit hentry\" data-id=\"2765\">\r\n\t\t<div class=\"w-grid-item-h\">\r\n\t\t\t\t\t\t<div class=\"w-post-elm post_image usg_post_image_1 stretched\"><img loading=\"lazy\" decoding=\"async\" width=\"1000\" height=\"750\" src=\"https:\/\/www.hoganas-france.com\/wp-content\/uploads\/2021\/03\/Hoganas-assistance-technique-2.jpg\" class=\"attachment-large size-large\" alt=\"\" srcset=\"https:\/\/www.hoganas-france.com\/wp-content\/uploads\/2021\/03\/Hoganas-assistance-technique-2.jpg 1000w, https:\/\/www.hoganas-france.com\/wp-content\/uploads\/2021\/03\/Hoganas-assistance-technique-2-300x225.jpg 300w\" sizes=\"auto, (max-width: 1000px) 100vw, 1000px\" \/><\/div>\t\t<\/div>\r\n\t\t\t<\/article>\r\n\t<article class=\"w-grid-item post-2766 attachment type-attachment status-inherit hentry\" data-id=\"2766\">\r\n\t\t<div class=\"w-grid-item-h\">\r\n\t\t\t\t\t\t<div class=\"w-post-elm post_image usg_post_image_1 stretched\"><img loading=\"lazy\" decoding=\"async\" width=\"1000\" height=\"750\" src=\"https:\/\/www.hoganas-france.com\/wp-content\/uploads\/2021\/03\/Hoganas-assistance-technique-3.jpg\" class=\"attachment-large size-large\" alt=\"\" srcset=\"https:\/\/www.hoganas-france.com\/wp-content\/uploads\/2021\/03\/Hoganas-assistance-technique-3.jpg 1000w, https:\/\/www.hoganas-france.com\/wp-content\/uploads\/2021\/03\/Hoganas-assistance-technique-3-300x225.jpg 300w\" sizes=\"auto, (max-width: 1000px) 100vw, 1000px\" \/><\/div>\t\t<\/div>\r\n\t\t\t<\/article>\r\n\t<article class=\"w-grid-item post-2767 attachment type-attachment status-inherit hentry\" data-id=\"2767\">\r\n\t\t<div class=\"w-grid-item-h\">\r\n\t\t\t\t\t\t<div class=\"w-post-elm post_image usg_post_image_1 stretched\"><img loading=\"lazy\" decoding=\"async\" width=\"1000\" height=\"750\" src=\"https:\/\/www.hoganas-france.com\/wp-content\/uploads\/2021\/03\/Hoganas-assistance-technique-4.jpg\" class=\"attachment-large size-large\" alt=\"\" srcset=\"https:\/\/www.hoganas-france.com\/wp-content\/uploads\/2021\/03\/Hoganas-assistance-technique-4.jpg 1000w, https:\/\/www.hoganas-france.com\/wp-content\/uploads\/2021\/03\/Hoganas-assistance-technique-4-300x225.jpg 300w\" sizes=\"auto, (max-width: 1000px) 100vw, 1000px\" \/><\/div>\t\t<\/div>\r\n\t\t\t<\/article>\r\n\t<article class=\"w-grid-item post-2768 attachment type-attachment status-inherit hentry\" data-id=\"2768\">\r\n\t\t<div class=\"w-grid-item-h\">\r\n\t\t\t\t\t\t<div class=\"w-post-elm post_image usg_post_image_1 stretched\"><img loading=\"lazy\" decoding=\"async\" width=\"1000\" height=\"750\" src=\"https:\/\/www.hoganas-france.com\/wp-content\/uploads\/2021\/03\/Hoganas-assistance-technique-5.jpg\" class=\"attachment-large size-large\" alt=\"\" srcset=\"https:\/\/www.hoganas-france.com\/wp-content\/uploads\/2021\/03\/Hoganas-assistance-technique-5.jpg 1000w, https:\/\/www.hoganas-france.com\/wp-content\/uploads\/2021\/03\/Hoganas-assistance-technique-5-300x225.jpg 300w\" sizes=\"auto, (max-width: 1000px) 100vw, 1000px\" \/><\/div>\t\t<\/div>\r\n\t\t\t<\/article>\r\n\t<article class=\"w-grid-item post-2769 attachment type-attachment status-inherit hentry\" data-id=\"2769\">\r\n\t\t<div class=\"w-grid-item-h\">\r\n\t\t\t\t\t\t<div class=\"w-post-elm post_image usg_post_image_1 stretched\"><img loading=\"lazy\" decoding=\"async\" width=\"1000\" height=\"750\" src=\"https:\/\/www.hoganas-france.com\/wp-content\/uploads\/2021\/03\/Hoganas-assistance-technique-6.jpg\" class=\"attachment-large size-large\" alt=\"\" srcset=\"https:\/\/www.hoganas-france.com\/wp-content\/uploads\/2021\/03\/Hoganas-assistance-technique-6.jpg 1000w, https:\/\/www.hoganas-france.com\/wp-content\/uploads\/2021\/03\/Hoganas-assistance-technique-6-300x225.jpg 300w\" sizes=\"auto, (max-width: 1000px) 100vw, 1000px\" \/><\/div>\t\t<\/div>\r\n\t\t\t<\/article>\r\n<\/div><div class=\"l-popup\">\r\n\t<div class=\"l-popup-overlay\"><\/div>\r\n\t<div class=\"l-popup-wrap\">\r\n\t\t<button class=\"l-popup-closer\" type=\"button\" aria-label=\"Close\"><\/button>\r\n\t\t\t\t\t<button class=\"l-popup-arrow to_prev hidden\" type=\"button\" title=\"Previous\"><\/button>\r\n\t\t\t<button class=\"l-popup-arrow to_next hidden\" type=\"button\" title=\"Next\"><\/button>\r\n\t\t\t\t<div class=\"l-popup-box\">\r\n\t\t\t<div class=\"l-popup-box-content\">\r\n\t\t\t\t<div class=\"g-preloader type_1\">\r\n\t\t\t\t\t<div><\/div>\r\n\t\t\t\t<\/div>\r\n\t\t\t\t<iframe class=\"l-popup-box-content-frame\" allowfullscreen><\/iframe>\r\n\t\t\t<\/div>\r\n\t\t<\/div>\r\n\t<\/div>\r\n<\/div>\r\n<div class=\"w-grid-carousel-json hidden\" onclick='return {&quot;carousel_settings&quot;:{&quot;aria_labels&quot;:{&quot;prev&quot;:&quot;Previous&quot;,&quot;next&quot;:&quot;Next&quot;},&quot;autoplayContinual&quot;:false,&quot;autoplayHoverPause&quot;:false,&quot;autoplayTimeout&quot;:3000,&quot;autoWidth&quot;:false,&quot;smartSpeed&quot;:350,&quot;margin&quot;:0,&quot;mouseDrag&quot;:true,&quot;rtl&quot;:false,&quot;slideBy&quot;:&quot;1&quot;,&quot;touchDrag&quot;:true,&quot;slideTransition&quot;:&quot;&quot;,&quot;responsive&quot;:{&quot;0&quot;:{&quot;autoHeight&quot;:false,&quot;autoplay&quot;:true,&quot;autoWidth&quot;:false,&quot;center&quot;:false,&quot;dots&quot;:false,&quot;items&quot;:2,&quot;loop&quot;:true,&quot;nav&quot;:false,&quot;stagePadding&quot;:0,&quot;slideBy&quot;:&quot;1&quot;},&quot;601&quot;:{&quot;autoHeight&quot;:false,&quot;autoplay&quot;:true,&quot;autoWidth&quot;:false,&quot;center&quot;:false,&quot;dots&quot;:false,&quot;items&quot;:2,&quot;loop&quot;:true,&quot;nav&quot;:true,&quot;stagePadding&quot;:0,&quot;slideBy&quot;:&quot;1&quot;},&quot;1025&quot;:{&quot;autoHeight&quot;:false,&quot;autoplay&quot;:true,&quot;autoWidth&quot;:false,&quot;center&quot;:false,&quot;dots&quot;:false,&quot;items&quot;:3,&quot;loop&quot;:true,&quot;nav&quot;:true,&quot;stagePadding&quot;:0,&quot;slideBy&quot;:&quot;1&quot;},&quot;1381&quot;:{&quot;items&quot;:4,&quot;autoplay&quot;:true,&quot;center&quot;:false,&quot;dots&quot;:false,&quot;nav&quot;:true,&quot;autoHeight&quot;:false,&quot;autoWidth&quot;:false,&quot;loop&quot;:true,&quot;stagePadding&quot;:0}}}}'><\/div><\/div><\/div><\/div><\/div><\/div><\/div><\/section>\n","protected":false},"excerpt":{"rendered":"","protected":false},"author":1,"featured_media":0,"parent":0,"menu_order":24,"comment_status":"closed","ping_status":"closed","template":"","meta":{"footnotes":""},"class_list":["post-2997","page","type-page","status-publish","hentry"],"aioseo_notices":[],"_links":{"self":[{"href":"https:\/\/www.hoganas-france.com\/en\/wp-json\/wp\/v2\/pages\/2997","targetHints":{"allow":["GET"]}}],"collection":[{"href":"https:\/\/www.hoganas-france.com\/en\/wp-json\/wp\/v2\/pages"}],"about":[{"href":"https:\/\/www.hoganas-france.com\/en\/wp-json\/wp\/v2\/types\/page"}],"author":[{"embeddable":true,"href":"https:\/\/www.hoganas-france.com\/en\/wp-json\/wp\/v2\/users\/1"}],"replies":[{"embeddable":true,"href":"https:\/\/www.hoganas-france.com\/en\/wp-json\/wp\/v2\/comments?post=2997"}],"version-history":[{"count":0,"href":"https:\/\/www.hoganas-france.com\/en\/wp-json\/wp\/v2\/pages\/2997\/revisions"}],"wp:attachment":[{"href":"https:\/\/www.hoganas-france.com\/en\/wp-json\/wp\/v2\/media?parent=2997"}],"curies":[{"name":"wp","href":"https:\/\/api.w.org\/{rel}","templated":true}]}}